{"id":20,"date":"2013-03-27T17:43:31","date_gmt":"2013-03-27T17:43:31","guid":{"rendered":"http:\/\/ioanaciocan.com\/?page_id=20"},"modified":"2025-03-02T12:11:31","modified_gmt":"2025-03-02T12:11:31","slug":"contact","status":"publish","type":"page","link":"https:\/\/ioanaciocan.com\/ro\/contact\/","title":{"rendered":"Contact"},"content":{"rendered":"<p>M\u0103 pute\u021bi contacta cu privire la orice proiect prezentat pe acest\u00a0<span class=\"il\">site<\/span>\u00a0sau dac\u0103 ave\u021bi sugestii de proiecte noi.<\/p>\n<div>De asemenea, lucrez ca \u0219i curator, iar dac\u0103 sunte\u021bi un artist \u00een c\u0103utare de expunere, tot aici m\u0103 pute\u021bi g\u0103si.<\/div>\n<p><a href=\"mailto:ioana@ioanaciocan.com\">ioana@ioanaciocan.com<\/a><\/p>\n<p>&nbsp;<\/p>","protected":false},"excerpt":{"rendered":"<p>M\u0103 pute\u021bi contacta cu privire la orice proiect prezentat pe acest\u00a0site\u00a0sau dac\u0103 ave\u021bi sugestii de proiecte noi. De asemenea, lucrez ca \u0219i curator, iar dac\u0103 sunte\u021bi un artist \u00een c\u0103utare de expunere, tot aici m\u0103 pute\u021bi g\u0103si. ioana@ioanaciocan.com &nbsp;<\/p>\n","protected":false},"author":1,"featured_media":2394,"parent":0,"menu_order":0,"comment_status":"open","ping_status":"open","template":"","meta":{"footnotes":""},"_links":{"self":[{"href":"https:\/\/ioanaciocan.com\/ro\/wp-json\/wp\/v2\/pages\/20"}],"collection":[{"href":"https:\/\/ioanaciocan.com\/ro\/wp-json\/wp\/v2\/pages"}],"about":[{"href":"https:\/\/ioanaciocan.com\/ro\/wp-json\/wp\/v2\/types\/page"}],"author":[{"embeddable":true,"href":"https:\/\/ioanaciocan.com\/ro\/wp-json\/wp\/v2\/users\/1"}],"replies":[{"embeddable":true,"href":"https:\/\/ioanaciocan.com\/ro\/wp-json\/wp\/v2\/comments?post=20"}],"version-history":[{"count":17,"href":"https:\/\/ioanaciocan.com\/ro\/wp-json\/wp\/v2\/pages\/20\/revisions"}],"predecessor-version":[{"id":2997,"href":"https:\/\/ioanaciocan.com\/ro\/wp-json\/wp\/v2\/pages\/20\/revisions\/2997"}],"wp:featuredmedia":[{"embeddable":true,"href":"https:\/\/ioanaciocan.com\/ro\/wp-json\/wp\/v2\/media\/2394"}],"wp:attachment":[{"href":"https:\/\/ioanaciocan.com\/ro\/wp-json\/wp\/v2\/media?parent=20"}],"curies":[{"name":"wp","href":"https:\/\/api.w.org\/{rel}","templated":true}]}}