{"id":15,"date":"2013-03-27T17:42:23","date_gmt":"2013-03-27T17:42:23","guid":{"rendered":"http:\/\/ioanaciocan.com\/?p=15"},"modified":"2019-06-27T18:48:50","modified_gmt":"2019-06-27T18:48:50","slug":"lectures","status":"publish","type":"page","link":"https:\/\/ioanaciocan.com\/ro\/lectures\/","title":{"rendered":"Conferin\u021be"},"content":{"rendered":"<p><div class='galleryWrapper'><div class='gallery mg-bottom-30'><div class='slide'><a class='fancybox' rel='gallery[]' href='https:\/\/ioanaciocan.com\/wp-content\/uploads\/2019\/06\/Small_IMG_5181-1.jpg'><img class='img-responsive'  width='900' height='700' src='https:\/\/ioanaciocan.com\/wp-content\/uploads\/2019\/06\/Small_IMG_5181-1-900x700.jpg'><\/a><\/div><div class='slide'><a class='fancybox' rel='gallery[]' href='https:\/\/ioanaciocan.com\/wp-content\/uploads\/2019\/06\/Small_IMG_5060-1024x683.jpg'><img class='img-responsive'  width='900' height='700' src='https:\/\/ioanaciocan.com\/wp-content\/uploads\/2019\/06\/Small_IMG_5060-900x700.jpg'><\/a><\/div><div class='slide'><a class='fancybox' rel='gallery[]' href='https:\/\/ioanaciocan.com\/wp-content\/uploads\/2018\/01\/DSC_0135-Copy-e1514981527139-678x1024.jpg'><img class='img-responsive'  width='900' height='700' src='https:\/\/ioanaciocan.com\/wp-content\/uploads\/2018\/01\/DSC_0135-Copy-e1514981527139-900x700.jpg'><\/a><\/div><div class='slide'><a class='fancybox' rel='gallery[]' href='https:\/\/ioanaciocan.com\/wp-content\/uploads\/2018\/01\/DSC_0079-1024x678.jpg'><img class='img-responsive'  width='900' height='700' src='https:\/\/ioanaciocan.com\/wp-content\/uploads\/2018\/01\/DSC_0079-900x700.jpg'><\/a><\/div><div class='slide'><a class='fancybox' rel='gallery[]' href='https:\/\/ioanaciocan.com\/wp-content\/uploads\/2014\/08\/10256765_623357971093403_951920208293469897_o.jpg'><img class='img-responsive'  width='900' height='667' src='https:\/\/ioanaciocan.com\/wp-content\/uploads\/2014\/08\/10256765_623357971093403_951920208293469897_o-900x667.jpg'><\/a><\/div><div class='slide'><a class='fancybox' rel='gallery[]' href='https:\/\/ioanaciocan.com\/wp-content\/uploads\/2018\/01\/DSC_0074-e1514981505619-678x1024.jpg'><img class='img-responsive'  width='900' height='700' src='https:\/\/ioanaciocan.com\/wp-content\/uploads\/2018\/01\/DSC_0074-e1514981505619-900x700.jpg'><\/a><\/div><div class='slide'><a class='fancybox' rel='gallery[]' href='https:\/\/ioanaciocan.com\/wp-content\/uploads\/2014\/08\/10333793_623358037760063_6257116980333358564_o.jpg'><img class='img-responsive'  width='900' height='667' src='https:\/\/ioanaciocan.com\/wp-content\/uploads\/2014\/08\/10333793_623358037760063_6257116980333358564_o-900x667.jpg'><\/a><\/div><div class='slide'><a class='fancybox' rel='gallery[]' href='https:\/\/ioanaciocan.com\/wp-content\/uploads\/2014\/07\/Book-launch-Bra\u0219ov-2.jpg'><img class='img-responsive'  width='900' height='683' src='https:\/\/ioanaciocan.com\/wp-content\/uploads\/2014\/07\/Book-launch-Bra\u0219ov-2-900x683.jpg'><\/a><\/div><div class='slide'><a class='fancybox' rel='gallery[]' href='https:\/\/ioanaciocan.com\/wp-content\/uploads\/2014\/07\/Book-launch-Bra\u0219ov-3.jpg'><img class='img-responsive'  width='900' height='683' src='https:\/\/ioanaciocan.com\/wp-content\/uploads\/2014\/07\/Book-launch-Bra\u0219ov-3-900x683.jpg'><\/a><\/div><div class='slide'><a class='fancybox' rel='gallery[]' href='https:\/\/ioanaciocan.com\/wp-content\/uploads\/2014\/07\/Book-launch-Bucharest-2.jpg'><img class='img-responsive'  width='900' height='639' src='https:\/\/ioanaciocan.com\/wp-content\/uploads\/2014\/07\/Book-launch-Bucharest-2-900x639.jpg'><\/a><\/div><div class='slide'><a class='fancybox' rel='gallery[]' href='https:\/\/ioanaciocan.com\/wp-content\/uploads\/2014\/11\/bmr.jpg'><img class='img-responsive'  width='900' height='666' src='https:\/\/ioanaciocan.com\/wp-content\/uploads\/2014\/11\/bmr-900x666.jpg'><\/a><\/div><div class='slide'><a class='fancybox' rel='gallery[]' href='https:\/\/ioanaciocan.com\/wp-content\/uploads\/2014\/07\/Book-launch-Bra\u0219ov-4.jpg'><img class='img-responsive'  width='900' height='683' src='https:\/\/ioanaciocan.com\/wp-content\/uploads\/2014\/07\/Book-launch-Bra\u0219ov-4-900x683.jpg'><\/a><\/div><div class='slide'><a class='fancybox' rel='gallery[]' href='https:\/\/ioanaciocan.com\/wp-content\/uploads\/2014\/07\/Book-launch-Bra\u0219ov-5.jpg'><img class='img-responsive'  width='640' height='700' src='https:\/\/ioanaciocan.com\/wp-content\/uploads\/2014\/07\/Book-launch-Bra\u0219ov-5-640x700.jpg'><\/a><\/div><div class='slide'><a class='fancybox' rel='gallery[]' href='https:\/\/ioanaciocan.com\/wp-content\/uploads\/2014\/07\/Book-launch-Bucharest-4.jpg'><img class='img-responsive'  width='900' height='639' src='https:\/\/ioanaciocan.com\/wp-content\/uploads\/2014\/07\/Book-launch-Bucharest-4-900x639.jpg'><\/a><\/div><div class='slide'><a class='fancybox' rel='gallery[]' href='https:\/\/ioanaciocan.com\/wp-content\/uploads\/2014\/07\/Book-launch-Bucharest-5.jpg'><img class='img-responsive'  width='900' height='639' src='https:\/\/ioanaciocan.com\/wp-content\/uploads\/2014\/07\/Book-launch-Bucharest-5-900x639.jpg'><\/a><\/div><div class='slide'><a class='fancybox' rel='gallery[]' href='https:\/\/ioanaciocan.com\/wp-content\/uploads\/2014\/07\/Book-launch-Bucharest-6.jpg'><img class='img-responsive'  width='900' height='639' src='https:\/\/ioanaciocan.com\/wp-content\/uploads\/2014\/07\/Book-launch-Bucharest-6-900x639.jpg'><\/a><\/div><div class='slide'><a class='fancybox' rel='gallery[]' href='https:\/\/ioanaciocan.com\/wp-content\/uploads\/2014\/07\/Book-launch-Bucharest-7.jpg'><img class='img-responsive'  width='900' height='639' src='https:\/\/ioanaciocan.com\/wp-content\/uploads\/2014\/07\/Book-launch-Bucharest-7-900x639.jpg'><\/a><\/div><div class='slide'><a class='fancybox' rel='gallery[]' href='https:\/\/ioanaciocan.com\/wp-content\/uploads\/2014\/07\/Book-launch-Bucharest-8.jpg'><img class='img-responsive'  width='600' height='450' src='https:\/\/ioanaciocan.com\/wp-content\/uploads\/2014\/07\/Book-launch-Bucharest-8.jpg'><\/a><\/div><div class='slide'><a class='fancybox' rel='gallery[]' href='https:\/\/ioanaciocan.com\/wp-content\/uploads\/2014\/08\/1556378_623357741093426_1217603273626083009_o.jpg'><img class='img-responsive'  width='900' height='667' src='https:\/\/ioanaciocan.com\/wp-content\/uploads\/2014\/08\/1556378_623357741093426_1217603273626083009_o-900x667.jpg'><\/a><\/div><div class='slide'><a class='fancybox' rel='gallery[]' href='https:\/\/ioanaciocan.com\/wp-content\/uploads\/2014\/08\/10295279_623357911093409_4423002390126324620_o.jpg'><img class='img-responsive'  width='900' height='667' src='https:\/\/ioanaciocan.com\/wp-content\/uploads\/2014\/08\/10295279_623357911093409_4423002390126324620_o-900x667.jpg'><\/a><\/div><div class='slide'><a class='fancybox' rel='gallery[]' href='https:\/\/ioanaciocan.com\/wp-content\/uploads\/2014\/08\/10338559_623357857760081_1835537233604846519_o.jpg'><img class='img-responsive'  width='900' height='667' src='https:\/\/ioanaciocan.com\/wp-content\/uploads\/2014\/08\/10338559_623357857760081_1835537233604846519_o-900x667.jpg'><\/a><\/div><div class='slide'><a class='fancybox' rel='gallery[]' href='https:\/\/ioanaciocan.com\/wp-content\/uploads\/2014\/08\/10348788_623357931093407_5812976250823616041_o.jpg'><img class='img-responsive'  width='900' height='667' src='https:\/\/ioanaciocan.com\/wp-content\/uploads\/2014\/08\/10348788_623357931093407_5812976250823616041_o-900x667.jpg'><\/a><\/div><div class='slide'><a class='fancybox' rel='gallery[]' href='https:\/\/ioanaciocan.com\/wp-content\/uploads\/2014\/08\/10442539_623357744426759_699604973403479635_n.jpg'><img class='img-responsive'  width='640' height='700' src='https:\/\/ioanaciocan.com\/wp-content\/uploads\/2014\/08\/10442539_623357744426759_699604973403479635_n-640x700.jpg'><\/a><\/div><div class='slide'><a class='fancybox' rel='gallery[]' href='https:\/\/ioanaciocan.com\/wp-content\/uploads\/2014\/08\/886758_717594078270293_1443648332_o-1024x683.jpg'><img class='img-responsive'  width='900' height='700' src='https:\/\/ioanaciocan.com\/wp-content\/uploads\/2014\/08\/886758_717594078270293_1443648332_o-900x700.jpg'><\/a><\/div><div class='slide'><a class='fancybox' rel='gallery[]' href='https:\/\/ioanaciocan.com\/wp-content\/uploads\/2014\/07\/Book-launch-Bra\u0219ov-1.jpg'><img class='img-responsive'  width='900' height='683' src='https:\/\/ioanaciocan.com\/wp-content\/uploads\/2014\/07\/Book-launch-Bra\u0219ov-1-900x683.jpg'><\/a><\/div><div class='slide'><a class='fancybox' rel='gallery[]' href='https:\/\/ioanaciocan.com\/wp-content\/uploads\/2014\/08\/1235541_703343233013130_1908526029_n-e1512725701614.jpg'><img class='img-responsive'  width='621' height='700' src='https:\/\/ioanaciocan.com\/wp-content\/uploads\/2014\/08\/1235541_703343233013130_1908526029_n-e1512725701614-621x700.jpg'><\/a><\/div><div class='slide'><a class='fancybox' rel='gallery[]' href='https:\/\/ioanaciocan.com\/wp-content\/uploads\/2014\/08\/10014973_671332349570250_1448466506_o-1024x683.jpg'><img class='img-responsive'  width='900' height='700' src='https:\/\/ioanaciocan.com\/wp-content\/uploads\/2014\/08\/10014973_671332349570250_1448466506_o-900x700.jpg'><\/a><\/div><div class='slide'><a class='fancybox' rel='gallery[]' href='https:\/\/ioanaciocan.com\/wp-content\/uploads\/2014\/08\/10155616_671332582903560_1019672860_n.jpg'><img class='img-responsive'  width='625' height='417' src='https:\/\/ioanaciocan.com\/wp-content\/uploads\/2014\/08\/10155616_671332582903560_1019672860_n.jpg'><\/a><\/div><div class='slide'><a class='fancybox' rel='gallery[]' href='https:\/\/ioanaciocan.com\/wp-content\/uploads\/2014\/08\/Atelierul-de-miracole-768x1024.jpg'><img class='img-responsive'  width='900' height='700' src='https:\/\/ioanaciocan.com\/wp-content\/uploads\/2014\/08\/Atelierul-de-miracole-900x700.jpg'><\/a><\/div><div class='slide'><a class='fancybox' rel='gallery[]' href='https:\/\/ioanaciocan.com\/wp-content\/uploads\/2015\/03\/pt-site-1-1024x595.jpg'><img class='img-responsive'  width='900' height='595' src='https:\/\/ioanaciocan.com\/wp-content\/uploads\/2015\/03\/pt-site-1-e1425904591701-900x595.jpg'><\/a><\/div><div class='slide'><a class='fancybox' rel='gallery[]' href='https:\/\/ioanaciocan.com\/wp-content\/uploads\/2015\/03\/pt-site-3-1024x548.jpg'><img class='img-responsive'  width='900' height='548' src='https:\/\/ioanaciocan.com\/wp-content\/uploads\/2015\/03\/pt-site-3-e1425904655456-900x548.jpg'><\/a><\/div><\/div><a href='javascript:void(0)' class='arrows left'><span class='fa fa-chevron-left'><\/span><\/a><a href='javascript:void(0)' class='arrows right'><span class='fa fa-chevron-right'><\/span><\/a><\/div><\/p>\n<p>K-Culture &#8211; Arta \u00eembr\u0103\u021bi\u0219eaz\u0103 brandurile (noiembrie, 2017)<\/p>\n<p>Muzeul Na\u021bional de Art\u0103 al Rom\u00e2niei &#8211; Proiect 1990 (februarie, 2017)<\/p>\n<p>Contemporary Istanbul, Turcia &#8211; The Power of Art Fairs\u00a0(noiembrie, 2016)<\/p>\n<p>Diploma &#8211; Pia\u021ba de Art\u0103\u00a0(octombrie 2016)<\/p>\n<p>Raiffeisen Bank &#8211; Arta contemporan\u0103 rom\u00e2neasc\u0103 dup\u0103 1990 (septembrie, 2016)<\/p>\n<p>Institutul Cultural Rom\u00e2n din New York, NY, USA &#8211; Art Programs in public spaces. Bucharest 2009-2014 (iunie 2016)<\/p>\n<p>Institutul de Management al Artei &#8211; Arta contemporan\u0103 rom\u00e2neasc\u0103 dup\u0103 1990 (septembrie &#8211; octombrie, 2015)<\/p>\n<p>Anuala de Arhitectur\u0103 Timi\u0219oara<em> &#8211;<\/em>\u00a0Arta \u00een spa\u021biul public. Pre \u0219i post comunism (octombrie, 2015)<\/p>\n<p>American International School of Bucharest &#8211; Art and Activism\u00a0(martie, 2015)<\/p>\n<p>UNArte 150 de ani \u0219i Zilele culturale ale B\u0103ncii Na\u021bionale a Rom\u00e2niei &#8211; conferin\u021ba\u00a0\u00a0Arta \u00een spa\u021biul public\u00a0(octombrie 2014), al\u0103turi de Marilena Preda S\u00e2nc\u00a0\u0219i Lisandru Neam\u021bu<\/p>\n<p>Universitatea\u00a0Ovidius din Constan\u021ba, Facultatea de Arte &#8211; Simpozionul \u00cenv\u0103\u021b\u0103m\u00e2nt &#8211; Cercetare &#8211; Crea\u021bie, edi\u021bia a V-a (2014) (iulie, 2014)<\/p>\n<p>Funda\u021bia Mora &#8211; Seminarul Politici curatoriale \u00een arta contemporan\u0103 din estul euopean (iunie 2014), al\u0103turi de Olivia Ni\u021bi\u0219 \u0219i Ciprian Ciuclea<\/p>\n<p>Universitatea Bucure\u0219ti, Facultatea de \u0218tiin\u021be Politice &#8211;\u00a0Proiect 1990 \u0219i SPAM\u00a0(mai, 2014)<\/p>\n<p>Ministerul Culturii, Centrul de preg\u0103tire profesional\u0103 \u00een cultur\u0103 &#8211; Arta \u00een spa\u021biul public dup\u0103 1990\u00a0(aprilie, 2013, 2012)<\/p>\n<p>Strada e a noastr\u0103, Galeria IX, Proiect 1990 \u0219i SPAM\u00a0(aprilie 2014)<\/p>\n<p>Atelierul de miracole &#8211; Arta \u00een spa\u021biul public (februarie 2014)<\/p>\n<p>Institutul de management al artei\u00a0 \u2013 Curatorul (ianuarie 2015, aprilie 2014, septembrie 2013)<\/p>\n<p>Asocia\u021bia pentru promovarea artelor contemporane &#8211;\u00a0Arta \u00een spa\u021biul public (noiembrie 2013)<\/p>\n<p>&nbsp;<\/p>","protected":false},"excerpt":{"rendered":"<p>K-Culture &#8211; Arta \u00eembr\u0103\u021bi\u0219eaz\u0103 brandurile (noiembrie, 2017) Muzeul Na\u021bional de Art\u0103 al Rom\u00e2niei &#8211; Proiect 1990 (februarie, 2017) Contemporary Istanbul, Turcia &#8211; The Power of Art Fairs\u00a0(noiembrie, 2016) Diploma &#8211; Pia\u021ba de Art\u0103\u00a0(octombrie 2016) Raiffeisen Bank &#8211; Arta contemporan\u0103 rom\u00e2neasc\u0103 dup\u0103 1990 (septembrie, 2016) Institutul Cultural Rom\u00e2n din New York, NY, USA &#8211; Art Programs [&hellip;]<\/p>\n","protected":false},"author":1,"featured_media":2574,"parent":0,"menu_order":0,"comment_status":"closed","ping_status":"open","template":"page-full.php","meta":{"footnotes":""},"_links":{"self":[{"href":"https:\/\/ioanaciocan.com\/ro\/wp-json\/wp\/v2\/pages\/15"}],"collection":[{"href":"https:\/\/ioanaciocan.com\/ro\/wp-json\/wp\/v2\/pages"}],"about":[{"href":"https:\/\/ioanaciocan.com\/ro\/wp-json\/wp\/v2\/types\/page"}],"author":[{"embeddable":true,"href":"https:\/\/ioanaciocan.com\/ro\/wp-json\/wp\/v2\/users\/1"}],"replies":[{"embeddable":true,"href":"https:\/\/ioanaciocan.com\/ro\/wp-json\/wp\/v2\/comments?post=15"}],"version-history":[{"count":49,"href":"https:\/\/ioanaciocan.com\/ro\/wp-json\/wp\/v2\/pages\/15\/revisions"}],"predecessor-version":[{"id":2892,"href":"https:\/\/ioanaciocan.com\/ro\/wp-json\/wp\/v2\/pages\/15\/revisions\/2892"}],"wp:featuredmedia":[{"embeddable":true,"href":"https:\/\/ioanaciocan.com\/ro\/wp-json\/wp\/v2\/media\/2574"}],"wp:attachment":[{"href":"https:\/\/ioanaciocan.com\/ro\/wp-json\/wp\/v2\/media?parent=15"}],"curies":[{"name":"wp","href":"https:\/\/api.w.org\/{rel}","templated":true}]}}